{"id":5155,"date":"2021-09-10T10:51:18","date_gmt":"2021-09-10T08:51:18","guid":{"rendered":"https:\/\/museos.crevillent.es\/museomarianobenlliure\/?page_id=5155"},"modified":"2021-11-19T09:41:39","modified_gmt":"2021-11-19T08:41:39","slug":"el-museo","status":"publish","type":"page","link":"https:\/\/museos.crevillent.es\/museomarianobenlliure\/el-museo\/","title":{"rendered":"El Museo"},"content":{"rendered":"\t\t<div data-elementor-type=\"wp-post\" data-elementor-id=\"5155\" class=\"elementor elementor-5155\">\n\t\t\t\t\t\t<section class=\"elementor-section elementor-top-section elementor-element elementor-element-e7ba270 cabecera-pagina-2 elementor-section-boxed elementor-section-height-default elementor-section-height-default\" data-id=\"e7ba270\" data-element_type=\"section\" data-e-type=\"section\" data-settings=\"{&quot;background_background&quot;:&quot;classic&quot;}\">\n\t\t\t\t\t\t<div class=\"elementor-container elementor-column-gap-default\">\n\t\t\t\t\t<div class=\"elementor-column elementor-col-100 elementor-top-column elementor-element elementor-element-851b2f5\" data-id=\"851b2f5\" data-element_type=\"column\" data-e-type=\"column\">\n\t\t\t<div class=\"elementor-widget-wrap elementor-element-populated\">\n\t\t\t\t\t\t<div class=\"elementor-element elementor-element-757382d elementor-widget elementor-widget-heading\" data-id=\"757382d\" data-element_type=\"widget\" data-e-type=\"widget\" data-widget_type=\"heading.default\">\n\t\t\t\t<div class=\"elementor-widget-container\">\n\t\t\t\t\t<h1 class=\"elementor-heading-title elementor-size-default\">EL MUSEO<\/h1>\t\t\t\t<\/div>\n\t\t\t\t<\/div>\n\t\t\t\t<div class=\"elementor-element elementor-element-c6cd3dd elementor-widget elementor-widget-heading\" data-id=\"c6cd3dd\" data-element_type=\"widget\" data-e-type=\"widget\" data-widget_type=\"heading.default\">\n\t\t\t\t<div class=\"elementor-widget-container\">\n\t\t\t\t\t<h2 class=\"elementor-heading-title elementor-size-default\">Custodia una rica colecci\u00f3n de obras del escultor Mariano Benlliure compuesta fundamentalmente por modelos y bocetos en escayola<\/h2>\t\t\t\t<\/div>\n\t\t\t\t<\/div>\n\t\t\t\t\t<\/div>\n\t\t<\/div>\n\t\t\t\t\t<\/div>\n\t\t<\/section>\n\t\t\t\t<section class=\"elementor-section elementor-top-section elementor-element elementor-element-c9774b0 seccion elementor-section-boxed elementor-section-height-default elementor-section-height-default\" data-id=\"c9774b0\" data-element_type=\"section\" data-e-type=\"section\">\n\t\t\t\t\t\t<div class=\"elementor-container elementor-column-gap-default\">\n\t\t\t\t\t<div class=\"elementor-column elementor-col-100 elementor-top-column elementor-element elementor-element-7ac5597\" data-id=\"7ac5597\" data-element_type=\"column\" data-e-type=\"column\">\n\t\t\t<div class=\"elementor-widget-wrap elementor-element-populated\">\n\t\t\t\t\t\t<section class=\"elementor-section elementor-inner-section elementor-element elementor-element-470b584 elementor-section-boxed elementor-section-height-default elementor-section-height-default\" data-id=\"470b584\" data-element_type=\"section\" data-e-type=\"section\">\n\t\t\t\t\t\t<div class=\"elementor-container elementor-column-gap-default\">\n\t\t\t\t\t<div class=\"elementor-column elementor-col-100 elementor-inner-column elementor-element elementor-element-017d449\" data-id=\"017d449\" data-element_type=\"column\" data-e-type=\"column\">\n\t\t\t<div class=\"elementor-widget-wrap elementor-element-populated\">\n\t\t\t\t\t\t<div class=\"elementor-element elementor-element-f413e69 h1 colorprincipal elementor-widget elementor-widget-heading\" data-id=\"f413e69\" data-element_type=\"widget\" data-e-type=\"widget\" data-widget_type=\"heading.default\">\n\t\t\t\t<div class=\"elementor-widget-container\">\n\t\t\t\t\t<h2 class=\"elementor-heading-title elementor-size-default\">Origen del museo<\/h2>\t\t\t\t<\/div>\n\t\t\t\t<\/div>\n\t\t\t\t<div class=\"elementor-element elementor-element-dcb2d59 colorprincipal elementor-widget elementor-widget-ova_heading\" data-id=\"dcb2d59\" data-element_type=\"widget\" data-e-type=\"widget\" data-widget_type=\"ova_heading.default\">\n\t\t\t\t<div class=\"elementor-widget-container\">\n\t\t\t\t\t\t\t<div class=\"ova_heading\">\n\t\t\t\t\t\t\t\t\t\t<h2 class=\"sub_title second_font\">El germen del Museo Mariano Benlliure de Crevillent lo encontramos en el grupo de tallas religiosas para la Semana Santa que encarg\u00f3 al artista la familia Magro desde 1944, tallando un total de nueve obras para esta ciudad.<\/h2>\n\t\t\t\t\t<\/div>\n\t\t\t\t\t\t<\/div>\n\t\t\t\t<\/div>\n\t\t\t\t<div class=\"elementor-element elementor-element-f7f55e8 elementor-widget elementor-widget-text-editor\" data-id=\"f7f55e8\" data-element_type=\"widget\" data-e-type=\"widget\" data-widget_type=\"text-editor.default\">\n\t\t\t\t<div class=\"elementor-widget-container\">\n\t\t\t\t\t\t\t\t\t<p><span style=\"font-weight: 400;\">Esta familia inici\u00f3, adem\u00e1s, la adquisici\u00f3n de muchas de las piezas que hoy se exhiben en el museo logrando reunir en 1961 un total de ciento nueve obras, con las que abri\u00f3 una primera exposici\u00f3n, embri\u00f3n del actual museo. El Museo Mariano Benlliure de Crevillent custodia una rica colecci\u00f3n de obras del escultor compuesta fundamentalmente por modelos y bocetos en escayola, que luego utilizaba para realizar las obras en materia definitiva como el m\u00e1rmol, el bronce o la madera.\u00a0<\/span><\/p><p><span style=\"font-weight: 400;\">Se trata de modelos de suma fragilidad, pero de gran valor, pues representan la primera idea o un eslab\u00f3n en el proceso creativo del escultor. Son obras modeladas por Benlliure o vaciadas en escayola por \u00e9l o bajo su control, y por tanto piezas originales cuyo valor art\u00edstico es incalculable. Forman parte tambi\u00e9n de la colecci\u00f3n del museo obras acabadas en materia definitiva: bronce, m\u00e1rmol, madera, cer\u00e1mica e incluso metales preciosos como el oro. Dibujos y pinturas, y un importante archivo documental completan sus fondos.\u00a0<\/span><\/p><p><span style=\"font-weight: 400;\">Adem\u00e1s, el museo cuenta con obras de los pintores Jos\u00e9 y Juan Antonio Benlliure, hermanos de escultor, y de Pepino Benlliure hijo de Jos\u00e9 Benlliure, y otros escultores y pintores contempor\u00e1neos como los Garnelo o Aniceto Marinas, adem\u00e1s de sus colaboradores y disc\u00edpulos como Mariano Rubio, Juan Garc\u00eda Talens, Ricardo Ferrero y Emilieta Torrente.\u00a0<\/span><\/p><p><span style=\"font-weight: 400;\">Actualmente se exhibe una selecci\u00f3n de 128 obras, de las 332 que guarda el museo, cuya exposici\u00f3n se divide en ocho ambientes:\u00a0<\/span><\/p><ul><li><span style=\"font-weight: 400;\">Galer\u00eda de retratos. Las t\u00e9cnicas\u00a0<\/span><\/li><li><span style=\"font-weight: 400;\">La casa estudio en la calle Abascal\u00a0<\/span><\/li><li><span style=\"font-weight: 400;\">El estudio. Monumentos p\u00fablicos\u00a0<\/span><\/li><li><span style=\"font-weight: 400;\">Relieves conmemorativos\u00a0<\/span><\/li><li><span style=\"font-weight: 400;\">Escultura religiosa. El taller de imaginer\u00eda\u00a0<\/span><\/li><li><span style=\"font-weight: 400;\">Obras de g\u00e9nero: tauromaquia y bailaoras\u00a0<\/span><\/li><li><span style=\"font-weight: 400;\">Los Benlliure\u00a0<\/span><\/li><li><span style=\"font-weight: 400;\">Medallas y peque\u00f1as placas conmemorativas<\/span><\/li><\/ul><p><strong><span style=\"letter-spacing: 0.2px;\">\u00a0<\/span><\/strong><\/p><p><strong><span style=\"letter-spacing: 0.2px;\">Existe asimismo una peque\u00f1a secci\u00f3n dedicada al archivo personal de Mariano Benlliure, del cual este museo guarda un valioso conjunto de los primeros apuntes de sus obras, cartas, fotograf\u00edas, noticias de prensa.<\/span><\/strong><\/p>\t\t\t\t\t\t\t\t<\/div>\n\t\t\t\t<\/div>\n\t\t\t\t\t<\/div>\n\t\t<\/div>\n\t\t\t\t\t<\/div>\n\t\t<\/section>\n\t\t\t\t\t<\/div>\n\t\t<\/div>\n\t\t\t\t\t<\/div>\n\t\t<\/section>\n\t\t\t\t<section class=\"elementor-section elementor-top-section elementor-element elementor-element-092557c seccion elementor-section-boxed elementor-section-height-default elementor-section-height-default\" data-id=\"092557c\" data-element_type=\"section\" data-e-type=\"section\">\n\t\t\t\t\t\t<div class=\"elementor-container elementor-column-gap-default\">\n\t\t\t\t\t<div class=\"elementor-column elementor-col-100 elementor-top-column elementor-element elementor-element-7a42e7a\" data-id=\"7a42e7a\" data-element_type=\"column\" data-e-type=\"column\">\n\t\t\t<div class=\"elementor-widget-wrap elementor-element-populated\">\n\t\t\t\t\t\t<section class=\"elementor-section elementor-inner-section elementor-element elementor-element-f1f7276 elementor-section-boxed elementor-section-height-default elementor-section-height-default\" data-id=\"f1f7276\" data-element_type=\"section\" data-e-type=\"section\">\n\t\t\t\t\t\t<div class=\"elementor-container elementor-column-gap-default\">\n\t\t\t\t\t<div class=\"elementor-column elementor-col-100 elementor-inner-column elementor-element elementor-element-2b081de\" data-id=\"2b081de\" data-element_type=\"column\" data-e-type=\"column\">\n\t\t\t<div class=\"elementor-widget-wrap elementor-element-populated\">\n\t\t\t\t\t\t<div class=\"elementor-element elementor-element-08c404f elementor-widget elementor-widget-video\" data-id=\"08c404f\" data-element_type=\"widget\" data-e-type=\"widget\" data-settings=\"{&quot;youtube_url&quot;:&quot;https:\\\/\\\/www.youtube.com\\\/watch?v=qrVjFhjo5H0&quot;,&quot;show_image_overlay&quot;:&quot;yes&quot;,&quot;image_overlay&quot;:{&quot;url&quot;:&quot;https:\\\/\\\/museos.crevillent.es\\\/museomarianobenlliure\\\/wp-content\\\/uploads\\\/sites\\\/2\\\/2021\\\/11\\\/imagenyoutubemb.jpg&quot;,&quot;id&quot;:7538,&quot;size&quot;:&quot;&quot;,&quot;alt&quot;:&quot;&quot;,&quot;source&quot;:&quot;library&quot;},&quot;video_type&quot;:&quot;youtube&quot;,&quot;controls&quot;:&quot;yes&quot;}\" data-widget_type=\"video.default\">\n\t\t\t\t<div class=\"elementor-widget-container\">\n\t\t\t\t\t\t\t<div class=\"elementor-wrapper elementor-open-inline\">\n\t\t\t<div class=\"elementor-video\"><\/div>\t\t\t\t<div class=\"elementor-custom-embed-image-overlay\" style=\"background-image: url(https:\/\/museos.crevillent.es\/museomarianobenlliure\/wp-content\/uploads\/sites\/2\/2021\/11\/imagenyoutubemb.jpg);\">\n\t\t\t\t\t\t\t\t\t\t\t\t\t\t\t\t<div class=\"elementor-custom-embed-play\" role=\"button\" aria-label=\"Reproducir v\u00eddeo\" tabindex=\"0\">\n\t\t\t\t\t\t\t<i aria-hidden=\"true\" class=\"eicon-play\"><\/i>\t\t\t\t\t\t<\/div>\n\t\t\t\t\t\t\t\t\t<\/div>\n\t\t\t\t\t<\/div>\n\t\t\t\t\t\t<\/div>\n\t\t\t\t<\/div>\n\t\t\t\t\t<\/div>\n\t\t<\/div>\n\t\t\t\t\t<\/div>\n\t\t<\/section>\n\t\t\t\t\t<\/div>\n\t\t<\/div>\n\t\t\t\t\t<\/div>\n\t\t<\/section>\n\t\t\t\t<\/div>\n\t\t","protected":false},"excerpt":{"rendered":"<p>EL MUSEO Custodia una rica colecci\u00f3n de obras del escultor Mariano Benlliure compuesta fundamentalmente por modelos y bocetos en escayola Origen del museo El germen del Museo Mariano Benlliure de Crevillent lo encontramos en el grupo de tallas religiosas para la Semana Santa que encarg\u00f3 al artista la familia Magro desde 1944, tallando un total [&hellip;]<\/p>\n","protected":false},"author":4,"featured_media":5408,"parent":0,"menu_order":0,"comment_status":"closed","ping_status":"closed","template":"elementor_header_footer","meta":{"footnotes":""},"class_list":["post-5155","page","type-page","status-publish","has-post-thumbnail","hentry"],"yoast_head":"<!-- This site is optimized with the Yoast SEO plugin v27.3 - https:\/\/yoast.com\/product\/yoast-seo-wordpress\/ -->\n<title>El Museo - Museo Mariano Benlliure<\/title>\n<meta name=\"description\" content=\"Custodia una rica colecci\u00f3n de obras del escultor Mariano Benlliure compuesta fundamentalmente por modelos y bocetos en escayola.\" \/>\n<meta name=\"robots\" content=\"index, follow, max-snippet:-1, max-image-preview:large, max-video-preview:-1\" \/>\n<link rel=\"canonical\" href=\"https:\/\/museos.crevillent.es\/museomarianobenlliure\/el-museo\/\" \/>\n<meta property=\"og:locale\" content=\"es_ES\" \/>\n<meta property=\"og:type\" content=\"article\" \/>\n<meta property=\"og:title\" content=\"El Museo - Museo Mariano Benlliure\" \/>\n<meta property=\"og:description\" content=\"Custodia una rica colecci\u00f3n de obras del escultor Mariano Benlliure compuesta fundamentalmente por modelos y bocetos en escayola.\" \/>\n<meta property=\"og:url\" content=\"https:\/\/museos.crevillent.es\/museomarianobenlliure\/el-museo\/\" \/>\n<meta property=\"og:site_name\" content=\"Museo Mariano Benlliure - Museos Crevillent\" \/>\n<meta property=\"article:modified_time\" content=\"2021-11-19T08:41:39+00:00\" \/>\n<meta property=\"og:image\" content=\"https:\/\/museos.crevillent.es\/museomarianobenlliure\/wp-content\/uploads\/sites\/2\/2019\/01\/fachada_benlliure.jpg\" \/>\n\t<meta property=\"og:image:width\" content=\"1083\" \/>\n\t<meta property=\"og:image:height\" content=\"741\" \/>\n\t<meta property=\"og:image:type\" content=\"image\/jpeg\" \/>\n<meta name=\"twitter:card\" content=\"summary_large_image\" \/>\n<meta name=\"twitter:label1\" content=\"Tiempo de lectura\" \/>\n\t<meta name=\"twitter:data1\" content=\"2 minutos\" \/>\n<script type=\"application\/ld+json\" class=\"yoast-schema-graph\">{\"@context\":\"https:\\\/\\\/schema.org\",\"@graph\":[{\"@type\":\"WebPage\",\"@id\":\"https:\\\/\\\/museos.crevillent.es\\\/museomarianobenlliure\\\/el-museo\\\/\",\"url\":\"https:\\\/\\\/museos.crevillent.es\\\/museomarianobenlliure\\\/el-museo\\\/\",\"name\":\"El Museo - Museo Mariano Benlliure\",\"isPartOf\":{\"@id\":\"https:\\\/\\\/museos.crevillent.es\\\/museomarianobenlliure\\\/#website\"},\"primaryImageOfPage\":{\"@id\":\"https:\\\/\\\/museos.crevillent.es\\\/museomarianobenlliure\\\/el-museo\\\/#primaryimage\"},\"image\":{\"@id\":\"https:\\\/\\\/museos.crevillent.es\\\/museomarianobenlliure\\\/el-museo\\\/#primaryimage\"},\"thumbnailUrl\":\"https:\\\/\\\/museos.crevillent.es\\\/museomarianobenlliure\\\/wp-content\\\/uploads\\\/sites\\\/2\\\/2019\\\/01\\\/fachada_benlliure.jpg\",\"datePublished\":\"2021-09-10T08:51:18+00:00\",\"dateModified\":\"2021-11-19T08:41:39+00:00\",\"description\":\"Custodia una rica colecci\u00f3n de obras del escultor Mariano Benlliure compuesta fundamentalmente por modelos y bocetos en escayola.\",\"breadcrumb\":{\"@id\":\"https:\\\/\\\/museos.crevillent.es\\\/museomarianobenlliure\\\/el-museo\\\/#breadcrumb\"},\"inLanguage\":\"es\",\"potentialAction\":[{\"@type\":\"ReadAction\",\"target\":[\"https:\\\/\\\/museos.crevillent.es\\\/museomarianobenlliure\\\/el-museo\\\/\"]}]},{\"@type\":\"ImageObject\",\"inLanguage\":\"es\",\"@id\":\"https:\\\/\\\/museos.crevillent.es\\\/museomarianobenlliure\\\/el-museo\\\/#primaryimage\",\"url\":\"https:\\\/\\\/museos.crevillent.es\\\/museomarianobenlliure\\\/wp-content\\\/uploads\\\/sites\\\/2\\\/2019\\\/01\\\/fachada_benlliure.jpg\",\"contentUrl\":\"https:\\\/\\\/museos.crevillent.es\\\/museomarianobenlliure\\\/wp-content\\\/uploads\\\/sites\\\/2\\\/2019\\\/01\\\/fachada_benlliure.jpg\",\"width\":1083,\"height\":741},{\"@type\":\"BreadcrumbList\",\"@id\":\"https:\\\/\\\/museos.crevillent.es\\\/museomarianobenlliure\\\/el-museo\\\/#breadcrumb\",\"itemListElement\":[{\"@type\":\"ListItem\",\"position\":1,\"name\":\"Portada\",\"item\":\"https:\\\/\\\/museos.crevillent.es\\\/museomarianobenlliure\\\/\"},{\"@type\":\"ListItem\",\"position\":2,\"name\":\"El Museo\"}]},{\"@type\":\"WebSite\",\"@id\":\"https:\\\/\\\/museos.crevillent.es\\\/museomarianobenlliure\\\/#website\",\"url\":\"https:\\\/\\\/museos.crevillent.es\\\/museomarianobenlliure\\\/\",\"name\":\"Museo Mariano Benlliure - Museos Crevillent\",\"description\":\"Horarios, Informaci\u00f3n y noticias sobre el Museo Mariano Benlliure\",\"publisher\":{\"@id\":\"https:\\\/\\\/museos.crevillent.es\\\/museomarianobenlliure\\\/#organization\"},\"potentialAction\":[{\"@type\":\"SearchAction\",\"target\":{\"@type\":\"EntryPoint\",\"urlTemplate\":\"https:\\\/\\\/museos.crevillent.es\\\/museomarianobenlliure\\\/?s={search_term_string}\"},\"query-input\":{\"@type\":\"PropertyValueSpecification\",\"valueRequired\":true,\"valueName\":\"search_term_string\"}}],\"inLanguage\":\"es\"},{\"@type\":\"Organization\",\"@id\":\"https:\\\/\\\/museos.crevillent.es\\\/museomarianobenlliure\\\/#organization\",\"name\":\"Museo Mariano Benlliure\",\"url\":\"https:\\\/\\\/museos.crevillent.es\\\/museomarianobenlliure\\\/\",\"logo\":{\"@type\":\"ImageObject\",\"inLanguage\":\"es\",\"@id\":\"https:\\\/\\\/museos.crevillent.es\\\/museomarianobenlliure\\\/#\\\/schema\\\/logo\\\/image\\\/\",\"url\":\"https:\\\/\\\/museos.crevillent.es\\\/museomarianobenlliure\\\/wp-content\\\/uploads\\\/sites\\\/2\\\/2019\\\/01\\\/logo_benlliure.png\",\"contentUrl\":\"https:\\\/\\\/museos.crevillent.es\\\/museomarianobenlliure\\\/wp-content\\\/uploads\\\/sites\\\/2\\\/2019\\\/01\\\/logo_benlliure.png\",\"width\":1002,\"height\":348,\"caption\":\"Museo Mariano Benlliure\"},\"image\":{\"@id\":\"https:\\\/\\\/museos.crevillent.es\\\/museomarianobenlliure\\\/#\\\/schema\\\/logo\\\/image\\\/\"}}]}<\/script>\n<!-- \/ Yoast SEO plugin. -->","yoast_head_json":{"title":"El Museo - Museo Mariano Benlliure","description":"Custodia una rica colecci\u00f3n de obras del escultor Mariano Benlliure compuesta fundamentalmente por modelos y bocetos en escayola.","robots":{"index":"index","follow":"follow","max-snippet":"max-snippet:-1","max-image-preview":"max-image-preview:large","max-video-preview":"max-video-preview:-1"},"canonical":"https:\/\/museos.crevillent.es\/museomarianobenlliure\/el-museo\/","og_locale":"es_ES","og_type":"article","og_title":"El Museo - Museo Mariano Benlliure","og_description":"Custodia una rica colecci\u00f3n de obras del escultor Mariano Benlliure compuesta fundamentalmente por modelos y bocetos en escayola.","og_url":"https:\/\/museos.crevillent.es\/museomarianobenlliure\/el-museo\/","og_site_name":"Museo Mariano Benlliure - Museos Crevillent","article_modified_time":"2021-11-19T08:41:39+00:00","og_image":[{"width":1083,"height":741,"url":"https:\/\/museos.crevillent.es\/museomarianobenlliure\/wp-content\/uploads\/sites\/2\/2019\/01\/fachada_benlliure.jpg","type":"image\/jpeg"}],"twitter_card":"summary_large_image","twitter_misc":{"Tiempo de lectura":"2 minutos"},"schema":{"@context":"https:\/\/schema.org","@graph":[{"@type":"WebPage","@id":"https:\/\/museos.crevillent.es\/museomarianobenlliure\/el-museo\/","url":"https:\/\/museos.crevillent.es\/museomarianobenlliure\/el-museo\/","name":"El Museo - Museo Mariano Benlliure","isPartOf":{"@id":"https:\/\/museos.crevillent.es\/museomarianobenlliure\/#website"},"primaryImageOfPage":{"@id":"https:\/\/museos.crevillent.es\/museomarianobenlliure\/el-museo\/#primaryimage"},"image":{"@id":"https:\/\/museos.crevillent.es\/museomarianobenlliure\/el-museo\/#primaryimage"},"thumbnailUrl":"https:\/\/museos.crevillent.es\/museomarianobenlliure\/wp-content\/uploads\/sites\/2\/2019\/01\/fachada_benlliure.jpg","datePublished":"2021-09-10T08:51:18+00:00","dateModified":"2021-11-19T08:41:39+00:00","description":"Custodia una rica colecci\u00f3n de obras del escultor Mariano Benlliure compuesta fundamentalmente por modelos y bocetos en escayola.","breadcrumb":{"@id":"https:\/\/museos.crevillent.es\/museomarianobenlliure\/el-museo\/#breadcrumb"},"inLanguage":"es","potentialAction":[{"@type":"ReadAction","target":["https:\/\/museos.crevillent.es\/museomarianobenlliure\/el-museo\/"]}]},{"@type":"ImageObject","inLanguage":"es","@id":"https:\/\/museos.crevillent.es\/museomarianobenlliure\/el-museo\/#primaryimage","url":"https:\/\/museos.crevillent.es\/museomarianobenlliure\/wp-content\/uploads\/sites\/2\/2019\/01\/fachada_benlliure.jpg","contentUrl":"https:\/\/museos.crevillent.es\/museomarianobenlliure\/wp-content\/uploads\/sites\/2\/2019\/01\/fachada_benlliure.jpg","width":1083,"height":741},{"@type":"BreadcrumbList","@id":"https:\/\/museos.crevillent.es\/museomarianobenlliure\/el-museo\/#breadcrumb","itemListElement":[{"@type":"ListItem","position":1,"name":"Portada","item":"https:\/\/museos.crevillent.es\/museomarianobenlliure\/"},{"@type":"ListItem","position":2,"name":"El Museo"}]},{"@type":"WebSite","@id":"https:\/\/museos.crevillent.es\/museomarianobenlliure\/#website","url":"https:\/\/museos.crevillent.es\/museomarianobenlliure\/","name":"Museo Mariano Benlliure - Museos Crevillent","description":"Horarios, Informaci\u00f3n y noticias sobre el Museo Mariano Benlliure","publisher":{"@id":"https:\/\/museos.crevillent.es\/museomarianobenlliure\/#organization"},"potentialAction":[{"@type":"SearchAction","target":{"@type":"EntryPoint","urlTemplate":"https:\/\/museos.crevillent.es\/museomarianobenlliure\/?s={search_term_string}"},"query-input":{"@type":"PropertyValueSpecification","valueRequired":true,"valueName":"search_term_string"}}],"inLanguage":"es"},{"@type":"Organization","@id":"https:\/\/museos.crevillent.es\/museomarianobenlliure\/#organization","name":"Museo Mariano Benlliure","url":"https:\/\/museos.crevillent.es\/museomarianobenlliure\/","logo":{"@type":"ImageObject","inLanguage":"es","@id":"https:\/\/museos.crevillent.es\/museomarianobenlliure\/#\/schema\/logo\/image\/","url":"https:\/\/museos.crevillent.es\/museomarianobenlliure\/wp-content\/uploads\/sites\/2\/2019\/01\/logo_benlliure.png","contentUrl":"https:\/\/museos.crevillent.es\/museomarianobenlliure\/wp-content\/uploads\/sites\/2\/2019\/01\/logo_benlliure.png","width":1002,"height":348,"caption":"Museo Mariano Benlliure"},"image":{"@id":"https:\/\/museos.crevillent.es\/museomarianobenlliure\/#\/schema\/logo\/image\/"}}]}},"_links":{"self":[{"href":"https:\/\/museos.crevillent.es\/museomarianobenlliure\/wp-json\/wp\/v2\/pages\/5155","targetHints":{"allow":["GET"]}}],"collection":[{"href":"https:\/\/museos.crevillent.es\/museomarianobenlliure\/wp-json\/wp\/v2\/pages"}],"about":[{"href":"https:\/\/museos.crevillent.es\/museomarianobenlliure\/wp-json\/wp\/v2\/types\/page"}],"author":[{"embeddable":true,"href":"https:\/\/museos.crevillent.es\/museomarianobenlliure\/wp-json\/wp\/v2\/users\/4"}],"replies":[{"embeddable":true,"href":"https:\/\/museos.crevillent.es\/museomarianobenlliure\/wp-json\/wp\/v2\/comments?post=5155"}],"version-history":[{"count":76,"href":"https:\/\/museos.crevillent.es\/museomarianobenlliure\/wp-json\/wp\/v2\/pages\/5155\/revisions"}],"predecessor-version":[{"id":7657,"href":"https:\/\/museos.crevillent.es\/museomarianobenlliure\/wp-json\/wp\/v2\/pages\/5155\/revisions\/7657"}],"wp:featuredmedia":[{"embeddable":true,"href":"https:\/\/museos.crevillent.es\/museomarianobenlliure\/wp-json\/wp\/v2\/media\/5408"}],"wp:attachment":[{"href":"https:\/\/museos.crevillent.es\/museomarianobenlliure\/wp-json\/wp\/v2\/media?parent=5155"}],"curies":[{"name":"wp","href":"https:\/\/api.w.org\/{rel}","templated":true}]}}